{"id":8,"date":"2018-10-20T08:35:52","date_gmt":"2018-10-20T08:35:52","guid":{"rendered":"http:\/\/hufm.hu\/?page_id=8"},"modified":"2019-05-18T18:32:13","modified_gmt":"2019-05-18T18:32:13","slug":"rolunk","status":"publish","type":"page","link":"https:\/\/hufm.hu\/index.php\/rolunk\/","title":{"rendered":"R\u00f3lunk"},"content":{"rendered":"<div id=\"themify_builder_content-8\" data-postid=\"8\" class=\"themify_builder_content themify_builder_content-8 themify_builder\">\n\n    \t\t\t\t<!-- module_row -->\n\t\t<div  class=\"themify_builder_row module_row clearfix repeat fullheight fullwidth module_row_0 themify_builder_8_row module_row_8-0\">\n\t\t\t\t\t\t<div class=\"row_inner col_align_top\" >\n                            \n\t\t<div  class=\"module_column tb-column col-full first tb_8_column module_column_0 module_column_8-0-0\" >\n                                                                <div class=\"tb-column-inner\">\n                            \n\n<!-- module text -->\n<div  id=\"text-8-0-0-0\" class=\"module module-text text-8-0-0-0  repeat  \">\n    <!--insert-->\n            <h3 class=\"module-title\">R\u00f3lunk<\/h3>    \n        <p style=\"font-weight: 400; text-align: center;\">M\u0171sorainkat hamarosan hallgathatod, k\u00e9r\u00fcnk T\u00e9ged, hogy n\u00e9zz vissza k\u00e9s\u0151bb!\u00a0<\/p><p style=\"font-weight: 400; text-align: center;\">A vil\u00e1g m\u00e1r nem f\u00fcgg a frekvencia enged\u00e9lyez\u00e9sekt\u0151l, \u00edgy korunk k\u00f6vetelm\u00e9nyeinek eleget t\u00e9ve belev\u00e1gunk a r\u00e1di\u00f3z\u00e1s vil\u00e1g\u00e1ba, mivel azt l\u00e1tjuk \u00e9s tapasztaljuk, hogy kell a hiteles t\u00e1j\u00e9koztat\u00e1s mindenki sz\u00e1m\u00e1ra.\u00a0<\/p><p style=\"font-weight: 400; text-align: center;\">Weboldalunk naponta friss\u00fcl\u0151 val\u00f3s orsz\u00e1gos \u00e9s k\u00fclf\u00f6ldi h\u00edrekkel v\u00e1rja a hallgat\u00f3k figyelm\u00e9t.<\/p><p style=\"font-weight: 400; text-align: center;\">K\u00f6vesd \u00e9s hallgasd honlapunkon kereszt\u00fcl m\u0171sorainkat b\u00e1rhol is \u00e9lj a vil\u00e1gban, hiszen ad\u00e1sunk folyamatosan hallgathat\u00f3 az internetnek k\u00f6sz\u00f6nhet\u0151en.<\/p><p style=\"font-weight: 400; text-align: center;\">Ne f\u00e9lj figyelni r\u00e1nk \u00e9s terjeszteni a m\u0171sorainkat!<\/p>        <\/div>\n<!-- \/module text -->\n\n                        <\/div>\n                    \t\t<\/div>\n\t\t                                <\/div>\n                                <!-- \/row_inner -->\n                        <\/div>\n                        <!-- \/module_row -->\n\t\t<\/div>\n","protected":false},"excerpt":{"rendered":"<p>R\u00f3lunk M\u0171sorainkat hamarosan hallgathatod, k\u00e9r\u00fcnk T\u00e9ged, hogy n\u00e9zz vissza k\u00e9s\u0151bb!\u00a0 A vil\u00e1g m\u00e1r nem f\u00fcgg a frekvencia enged\u00e9lyez\u00e9sekt\u0151l, \u00edgy korunk k\u00f6vetelm\u00e9nyeinek eleget t\u00e9ve belev\u00e1gunk a r\u00e1di\u00f3z\u00e1s vil\u00e1g\u00e1ba, mivel azt l\u00e1tjuk \u00e9s tapasztaljuk, hogy kell a hiteles t\u00e1j\u00e9koztat\u00e1s mindenki sz\u00e1m\u00e1ra.\u00a0 Weboldalunk naponta friss\u00fcl\u0151 val\u00f3s orsz\u00e1gos \u00e9s k\u00fclf\u00f6ldi h\u00edrekkel v\u00e1rja a hallgat\u00f3k figyelm\u00e9t. K\u00f6vesd \u00e9s hallgasd honlapunkon [&hellip;]<\/p>\n","protected":false},"author":1,"featured_media":0,"parent":0,"menu_order":0,"comment_status":"closed","ping_status":"closed","template":"","meta":[],"_links":{"self":[{"href":"https:\/\/hufm.hu\/index.php\/wp-json\/wp\/v2\/pages\/8"}],"collection":[{"href":"https:\/\/hufm.hu\/index.php\/wp-json\/wp\/v2\/pages"}],"about":[{"href":"https:\/\/hufm.hu\/index.php\/wp-json\/wp\/v2\/types\/page"}],"author":[{"embeddable":true,"href":"https:\/\/hufm.hu\/index.php\/wp-json\/wp\/v2\/users\/1"}],"replies":[{"embeddable":true,"href":"https:\/\/hufm.hu\/index.php\/wp-json\/wp\/v2\/comments?post=8"}],"version-history":[{"count":26,"href":"https:\/\/hufm.hu\/index.php\/wp-json\/wp\/v2\/pages\/8\/revisions"}],"predecessor-version":[{"id":594,"href":"https:\/\/hufm.hu\/index.php\/wp-json\/wp\/v2\/pages\/8\/revisions\/594"}],"wp:attachment":[{"href":"https:\/\/hufm.hu\/index.php\/wp-json\/wp\/v2\/media?parent=8"}],"curies":[{"name":"wp","href":"https:\/\/api.w.org\/{rel}","templated":true}]}}