{"id":11,"date":"2018-10-20T08:48:00","date_gmt":"2018-10-20T08:48:00","guid":{"rendered":"http:\/\/hufm.hu\/?page_id=11"},"modified":"2019-06-03T15:23:13","modified_gmt":"2019-06-03T15:23:13","slug":"kapcsolat","status":"publish","type":"page","link":"https:\/\/hufm.hu\/index.php\/kapcsolat\/","title":{"rendered":"Kapcsolat"},"content":{"rendered":"<div id=\"themify_builder_content-11\" data-postid=\"11\" class=\"themify_builder_content themify_builder_content-11 themify_builder\">\n\n    \t\t\t\t<!-- module_row -->\n\t\t<div  class=\"themify_builder_row module_row clearfix repeat fullheight fullwidth module_row_0 themify_builder_11_row module_row_11-0\">\n\t\t\t\t\t\t<div class=\"row_inner col_align_top\" >\n                            \n\t\t<div  class=\"module_column tb-column col-full first tb_11_column module_column_0 module_column_11-0-0\" >\n                                                                <div class=\"tb-column-inner\">\n                            \n\n<!-- module text -->\n<div  id=\"text-11-0-0-0\" class=\"module module-text text-11-0-0-0  repeat  \">\n    <!--insert-->\n    \n        <p style=\"font-weight: 400; text-align: center;\">Ad\u00e1stelefon: +36 (hamarosan)<\/p><p style=\"font-weight: 400; text-align: center;\">\u00c1ltal\u00e1nos k\u00e9rd\u00e9sed van:\u00a0<a href=\"mailto:info@hufm.hu\">info@hufm.hu<\/a><\/p><p style=\"font-weight: 400; text-align: center;\">Zene k\u00e9r\u00e9sed van:\u00a0<a href=\"mailto:music@hufm.hu\">music@hufm.hu<\/a><\/p><p style=\"font-weight: 400; text-align: center;\">M\u0171sorainkba szeretn\u00e9l k\u00e9rdezni:<\/p><p style=\"font-weight: 400; text-align: center;\">Politika:\u00a0<a href=\"mailto:politika@hufm.hu\">politika@hufm.hu<\/a><\/p><p style=\"font-weight: 400; text-align: center;\">Korrupci\u00f3:\u00a0<a href=\"mailto:korrupcio@hufm.hu\">korrupcio@hufm.hu<\/a><\/p><p style=\"font-weight: 400; text-align: center;\">K\u00f6z\u00e9let:\u00a0<a href=\"mailto:kozelet@hufm.hu\">kozelet@hufm.hu<\/a><\/p><p style=\"text-align: center;\">Biztons\u00e1g: <a href=\"mailto:biztonsag@hufm.hu\">biztonsag@hufm.hu<\/a><\/p><p style=\"font-weight: 400; text-align: center;\">Eg\u00e9szs\u00e9g\u00fcgy:\u00a0<a href=\"mailto:egeszsegugy@hufm.hu\">egeszsegugy@hufm.hu<\/a><\/p><p style=\"font-weight: 400; text-align: center;\">Oktat\u00e1s:\u00a0<a href=\"mailto:oktatas@hufm.hu\">oktatas@hufm.hu<\/a><\/p><p style=\"font-weight: 400; text-align: center;\">M\u0171v\u00e9szet:\u00a0<a href=\"mailto:muveszet@hufm.hu\">muveszet@hufm.hu<\/a><\/p><p style=\"font-weight: 400; text-align: center;\">Tudom\u00e1ny:\u00a0<a href=\"mailto:tudomany@hufm.hu\">tudomany@hufm.hu<\/a><\/p><p style=\"font-weight: 400; text-align: center;\">StartUp:\u00a0<a href=\"mailto:startup@hufm.hu\">startup@hufm.hu<\/a><\/p><p style=\"font-weight: 400; text-align: center;\">Term\u00e9szet:\u00a0<a href=\"mailto:termeszet@hufm.hu\">termeszet@hufm.hu<\/a><\/p><p style=\"font-weight: 400; text-align: center;\">K\u00f6rnyezetv\u00e9delem:\u00a0<a href=\"mailto:kornyezetvedelem@hufm.hu\">kornyezetvedelem@hufm.hu<\/a><\/p><p style=\"font-weight: 400; text-align: center;\">Higi\u00e9nia:\u00a0<a href=\"mailto:higienia@hufm.hu\">higienia@hufm.hu<\/a><\/p><p style=\"font-weight: 400; text-align: center;\">Kedvenceink:\u00a0<a href=\"mailto:kedvenceink@hufm.hu\">kedvenceink@hufm.hu<\/a><\/p><p style=\"font-weight: 400; text-align: center;\">Weboldal c\u00edm:\u00a0<a href=\"http:\/\/www.hufm.hu\/\" data-saferedirecturl=\"https:\/\/www.google.com\/url?q=http:\/\/www.hufm.hu\/&#038;source=gmail&#038;ust=1542101614868000&#038;usg=AFQjCNEBHG2Lcz1jR8ps_PYSHfOxWQoMOg\">http:\/\/www.hufm.hu<\/a><\/p><p style=\"font-weight: 400; text-align: center;\">Facebook oldal c\u00edm:\u00a0<a href=\"http:\/\/facebook.com\/hufm1\" data-saferedirecturl=\"https:\/\/www.google.com\/url?q=http:\/\/facebook.com\/hufm1&#038;source=gmail&#038;ust=1542101614868000&#038;usg=AFQjCNEskm1Q09KEY5r42_3Pn4zoDdeI7A\">http:\/\/facebook.com\/hufm1<\/a><\/p><p style=\"font-weight: 400; text-align: center;\">Frekvencia: Online<\/p><p style=\"font-weight: 400; text-align: center;\">Amennyiben munkat\u00e1rsunk szeretn\u00e9l lenni, jelentkezz itt:\u00a0<a href=\"mailto:felvetel@hufm.hu\">felvetel@hufm.hu<\/a><\/p>        <\/div>\n<!-- \/module text -->\n\n                        <\/div>\n                    \t\t<\/div>\n\t\t                                <\/div>\n                                <!-- \/row_inner -->\n                        <\/div>\n                        <!-- \/module_row -->\n\t\t\t\t\t\t<!-- module_row -->\n\t\t<div  class=\"themify_builder_row module_row clearfix repeat fullheight fullwidth module_row_1 themify_builder_11_row module_row_11-1\">\n\t\t\t\t\t\t<div class=\"row_inner col_align_top\" >\n                            \n\t\t<div style=\"width:7.4%\" class=\"module_column tb-column col3-1 first tb_11_column module_column_0 module_column_11-1-0\" >\n                                        \t\t<\/div>\n\t\t\n\t\t<div style=\"width:80%\" class=\"module_column tb-column col3-1 middle tb_11_column module_column_1 module_column_11-1-1\" >\n                                                                <div class=\"tb-column-inner\">\n                            \n\n\n    <!-- module widget -->\n    <div  id=\"widget-11-1-1-0\" class=\"module module-widget widget-11-1-1-0  repeat \">\n        <!--insert-->\n        <div class=\"widget wpforms-widget\"><h2 class=\"widgettitle\">\u00cdrjon nek\u00fcnk!<\/h2><div class=\"wpforms-container wpforms-container-full\" id=\"wpforms-18\"><form id=\"wpforms-form-18\" class=\"wpforms-validate wpforms-form\" data-formid=\"18\" method=\"post\" enctype=\"multipart\/form-data\" action=\"\/index.php\/wp-json\/wp\/v2\/pages\/11\"><div class=\"wpforms-field-container\"><div id=\"wpforms-18-field_0-container\" class=\"wpforms-field wpforms-field-name\" data-field-id=\"0\"><label class=\"wpforms-field-label\" for=\"wpforms-18-field_0\">N\u00e9v <span class=\"wpforms-required-label\">*<\/span><\/label><input type=\"text\" id=\"wpforms-18-field_0\" class=\"wpforms-field-medium wpforms-field-required\" name=\"wpforms[fields][0]\" required><\/div><div id=\"wpforms-18-field_1-container\" class=\"wpforms-field wpforms-field-email\" data-field-id=\"1\"><label class=\"wpforms-field-label\" for=\"wpforms-18-field_1\">Email <span class=\"wpforms-required-label\">*<\/span><\/label><input type=\"email\" id=\"wpforms-18-field_1\" class=\"wpforms-field-medium wpforms-field-required\" name=\"wpforms[fields][1]\" required><\/div><div id=\"wpforms-18-field_2-container\" class=\"wpforms-field wpforms-field-textarea\" data-field-id=\"2\"><label class=\"wpforms-field-label\" for=\"wpforms-18-field_2\">\u00dczenet <span class=\"wpforms-required-label\">*<\/span><\/label><textarea id=\"wpforms-18-field_2\" class=\"wpforms-field-medium wpforms-field-required\" name=\"wpforms[fields][2]\" required><\/textarea><\/div><\/div><div class=\"wpforms-field wpforms-field-hp\"><label for=\"wpforms-18-field-hp\" class=\"wpforms-field-label\">Email<\/label><input type=\"text\" name=\"wpforms[hp]\" id=\"wpforms-18-field-hp\" class=\"wpforms-field-medium\"><\/div><div class=\"wpforms-submit-container\" ><input type=\"hidden\" name=\"wpforms[id]\" value=\"18\"><input type=\"hidden\" name=\"wpforms[author]\" value=\"1\"><button type=\"submit\" name=\"wpforms[submit]\" class=\"wpforms-submit \" id=\"wpforms-submit-18\" value=\"wpforms-submit\" aria-live=\"assertive\" data-alt-text=\"K\u00fcld\u00e9s folyamatban...\" data-submit-text=\"K\u00fcld\u00e9s\">K\u00fcld\u00e9s<\/button><\/div><\/form><\/div>  <!-- .wpforms-container --><\/div>    <\/div>\n    <!-- \/module widget -->\n\n                        <\/div>\n                    \t\t<\/div>\n\t\t\n\t\t<div style=\"width:6.2%\" class=\"module_column tb-column col3-1 last tb_11_column module_column_2 module_column_11-1-2\" >\n                                        \t\t<\/div>\n\t\t                                <\/div>\n                                <!-- \/row_inner -->\n                        <\/div>\n                        <!-- \/module_row -->\n\t\t\t\t\t\t<!-- module_row -->\n\t\t<div  class=\"themify_builder_row module_row clearfix module_row_2 themify_builder_11_row module_row_11-2\">\n\t\t\t\t\t\t<div class=\"row_inner col_align_top\" >\n                            \n\t\t<div  class=\"module_column tb-column col-full first tb_11_column module_column_0 module_column_11-2-0\" >\n                                                                <div class=\"tb-column-inner\">\n                            \n\n    <div class=\"tb_slider_loader\"><\/div>\n    <div id=\"slider-11-2-0-0\" class=\"module module-slider slider-11-2-0-0 themify_builder_slider_wrap clearfix  slider-default   \">\n        <!--insert-->\n                <ul class=\"themify_builder_slider\"\n            data-id=\"slider-11-2-0-0\" \n            data-visible=\"5\" \n            data-mob-visible=\"0\"\n            data-scroll=\"1\" \n            data-auto-scroll=\"4\"\n            data-speed=\"1\"\n            data-wrap=\"yes\"\n            data-arrow=\"yes\"\n            data-pagination=\"yes\"\n            data-effect=\"scroll\" \n            data-height=\"variable\" \n            data-pause-on-hover=\"resume\"\n            >\n                    <!-- module slider image -->\n\n                    <li>\n            <div class=\"slide-inner-wrap\">\n                                    <div class=\"slide-image\">\n                                                                            <img src=\"https:\/\/civilpress.info\/wp-content\/uploads\/2018\/11\/BIO.png\" width=\"100\" alt=\"Kapcsolat\" \/>                                            <\/div><!-- \/slide-image -->\n                \n                            <\/div>\n        <\/li>\n                    <li>\n            <div class=\"slide-inner-wrap\">\n                                    <div class=\"slide-image\">\n                                                                                                        <a href=\"http:\/\/blue7.hu\" alt=\"\" target=\"_blank\" rel=\"noopener\">\n                                <img src=\"https:\/\/civilpress.info\/wp-content\/uploads\/2018\/11\/BLUE7-05.png\" width=\"100\" alt=\"Kapcsolat\" \/>                            <\/a>\n                                            <\/div><!-- \/slide-image -->\n                \n                            <\/div>\n        <\/li>\n                    <li>\n            <div class=\"slide-inner-wrap\">\n                                    <div class=\"slide-image\">\n                                                                                                        <a href=\"http:\/\/globemarket.eu\" alt=\"\" target=\"_blank\" rel=\"noopener\">\n                                <img src=\"https:\/\/civilpress.info\/wp-content\/uploads\/2018\/11\/globe.png\" width=\"100\" alt=\"Kapcsolat\" \/>                            <\/a>\n                                            <\/div><!-- \/slide-image -->\n                \n                            <\/div>\n        <\/li>\n                    <li>\n            <div class=\"slide-inner-wrap\">\n                                    <div class=\"slide-image\">\n                                                                                                        <a href=\"http:\/\/cashroll.hu\/\" alt=\"\" target=\"_blank\" rel=\"noopener\">\n                                <img src=\"https:\/\/civilpress.info\/wp-content\/uploads\/2018\/11\/cashrolllogo.png\" width=\"100\" alt=\"Kapcsolat\" \/>                            <\/a>\n                                            <\/div><!-- \/slide-image -->\n                \n                            <\/div>\n        <\/li>\n                    <li>\n            <div class=\"slide-inner-wrap\">\n                                    <div class=\"slide-image\">\n                                                                                                        <a href=\"http:\/\/www.motka.org\/\" alt=\"\" target=\"_blank\" rel=\"noopener\">\n                                <img src=\"https:\/\/civilpress.info\/wp-content\/uploads\/2018\/11\/motka-e1542742891927.png\" width=\"100\" alt=\"Kapcsolat\" \/>                            <\/a>\n                                            <\/div><!-- \/slide-image -->\n                \n                            <\/div>\n        <\/li>\n                    <li>\n            <div class=\"slide-inner-wrap\">\n                                    <div class=\"slide-image\">\n                                                                                                        <a href=\"http:\/\/redberryvitamins.eu\/hu\" alt=\"\" target=\"_blank\" rel=\"noopener\">\n                                <img src=\"https:\/\/civilpress.info\/wp-content\/uploads\/2018\/11\/redberry.png\" width=\"100\" alt=\"Kapcsolat\" \/>                            <\/a>\n                                            <\/div><!-- \/slide-image -->\n                \n                            <\/div>\n        <\/li>\n                    <li>\n            <div class=\"slide-inner-wrap\">\n                                    <div class=\"slide-image\">\n                                                                                                        <a href=\"http:\/\/hufm.hu\" alt=\"\" target=\"_blank\" rel=\"noopener\">\n                                <img src=\"https:\/\/civilpress.info\/wp-content\/uploads\/2018\/11\/HuFm-Log\u00f3-header4-m\u00e1solat.png\" width=\"100\" alt=\"Kapcsolat\" \/>                            <\/a>\n                                            <\/div><!-- \/slide-image -->\n                \n                            <\/div>\n        <\/li>\n            <\/ul>\n    <\/div>\n        \n                        <\/div>\n                    \t\t<\/div>\n\t\t                                <\/div>\n                                <!-- \/row_inner -->\n                        <\/div>\n                        <!-- \/module_row -->\n\t\t<\/div>\n","protected":false},"excerpt":{"rendered":"<p>Ad\u00e1stelefon: +36 (hamarosan) \u00c1ltal\u00e1nos k\u00e9rd\u00e9sed van:\u00a0info@hufm.hu Zene k\u00e9r\u00e9sed van:\u00a0music@hufm.hu M\u0171sorainkba szeretn\u00e9l k\u00e9rdezni: Politika:\u00a0politika@hufm.hu Korrupci\u00f3:\u00a0korrupcio@hufm.hu K\u00f6z\u00e9let:\u00a0kozelet@hufm.hu Biztons\u00e1g: biztonsag@hufm.hu Eg\u00e9szs\u00e9g\u00fcgy:\u00a0egeszsegugy@hufm.hu Oktat\u00e1s:\u00a0oktatas@hufm.hu M\u0171v\u00e9szet:\u00a0muveszet@hufm.hu Tudom\u00e1ny:\u00a0tudomany@hufm.hu StartUp:\u00a0startup@hufm.hu Term\u00e9szet:\u00a0termeszet@hufm.hu K\u00f6rnyezetv\u00e9delem:\u00a0kornyezetvedelem@hufm.hu Higi\u00e9nia:\u00a0higienia@hufm.hu Kedvenceink:\u00a0kedvenceink@hufm.hu Weboldal c\u00edm:\u00a0http:\/\/www.hufm.hu Facebook oldal c\u00edm:\u00a0http:\/\/facebook.com\/hufm1 Frekvencia: Online Amennyiben munkat\u00e1rsunk szeretn\u00e9l lenni, jelentkezz itt:\u00a0felvetel@hufm.hu \u00cdrjon nek\u00fcnk! N\u00e9v *Email *\u00dczenet *EmailK\u00fcld\u00e9s<\/p>\n","protected":false},"author":1,"featured_media":0,"parent":0,"menu_order":0,"comment_status":"closed","ping_status":"closed","template":"","meta":[],"_links":{"self":[{"href":"https:\/\/hufm.hu\/index.php\/wp-json\/wp\/v2\/pages\/11"}],"collection":[{"href":"https:\/\/hufm.hu\/index.php\/wp-json\/wp\/v2\/pages"}],"about":[{"href":"https:\/\/hufm.hu\/index.php\/wp-json\/wp\/v2\/types\/page"}],"author":[{"embeddable":true,"href":"https:\/\/hufm.hu\/index.php\/wp-json\/wp\/v2\/users\/1"}],"replies":[{"embeddable":true,"href":"https:\/\/hufm.hu\/index.php\/wp-json\/wp\/v2\/comments?post=11"}],"version-history":[{"count":63,"href":"https:\/\/hufm.hu\/index.php\/wp-json\/wp\/v2\/pages\/11\/revisions"}],"predecessor-version":[{"id":603,"href":"https:\/\/hufm.hu\/index.php\/wp-json\/wp\/v2\/pages\/11\/revisions\/603"}],"wp:attachment":[{"href":"https:\/\/hufm.hu\/index.php\/wp-json\/wp\/v2\/media?parent=11"}],"curies":[{"name":"wp","href":"https:\/\/api.w.org\/{rel}","templated":true}]}}